{"id":160,"date":"2026-02-26T17:33:24","date_gmt":"2026-02-26T17:33:24","guid":{"rendered":"https:\/\/solutionscbp.com\/?page_id=160"},"modified":"2026-02-28T22:30:05","modified_gmt":"2026-02-28T22:30:05","slug":"projets-residentiels","status":"publish","type":"page","link":"https:\/\/solutionscbp.com\/en\/projets-residentiels\/","title":{"rendered":"Residential Projects"},"content":{"rendered":"<div data-elementor-type=\"wp-page\" data-elementor-id=\"160\" class=\"elementor elementor-160\" data-elementor-post-type=\"page\">\n\t\t\t\t<div data-particle_enable=\"false\" data-particle-mobile-disabled=\"false\" class=\"elementor-element elementor-element-b1251c6 e-flex e-con-boxed e-con e-parent\" data-id=\"b1251c6\" data-element_type=\"container\" data-e-type=\"container\">\n\t\t\t\t\t<div class=\"e-con-inner\">\n\t\t\t\t<div class=\"elementor-element elementor-element-db3ba7f elementor-widget elementor-widget-spacer\" data-id=\"db3ba7f\" data-element_type=\"widget\" data-e-type=\"widget\" data-widget_type=\"spacer.default\">\n\t\t\t\t\t\t\t<div class=\"elementor-spacer\">\n\t\t\t<div class=\"elementor-spacer-inner\"><\/div>\n\t\t<\/div>\n\t\t\t\t\t\t<\/div>\n\t\t\t\t\t<\/div>\n\t\t\t\t<\/div>\n\t\t<div data-particle_enable=\"false\" data-particle-mobile-disabled=\"false\" class=\"elementor-element elementor-element-0f4687c e-flex e-con-boxed e-con e-parent\" data-id=\"0f4687c\" data-element_type=\"container\" data-e-type=\"container\">\n\t\t\t\t\t<div class=\"e-con-inner\">\n\t\t\t\t<div class=\"elementor-element elementor-element-5948a1f elementor-widget elementor-widget-heading\" data-id=\"5948a1f\" data-element_type=\"widget\" data-e-type=\"widget\" data-widget_type=\"heading.default\">\n\t\t\t\t\t<h2 class=\"elementor-heading-title elementor-size-default\">Our residential expertise<\/h2>\t\t\t\t<\/div>\n\t\t\t\t<div class=\"elementor-element elementor-element-7af0f03 elementor-widget elementor-widget-heading\" data-id=\"7af0f03\" data-element_type=\"widget\" data-e-type=\"widget\" data-widget_type=\"heading.default\">\n\t\t\t\t\t<h2 class=\"elementor-heading-title elementor-size-default\">Sustainable and well-executed residential projects.<br>\nQuality, rigor and peace of mind.<\/h2>\t\t\t\t<\/div>\n\t\t\t\t<div class=\"elementor-element elementor-element-dc25929 elementor-widget elementor-widget-spacer\" data-id=\"dc25929\" data-element_type=\"widget\" data-e-type=\"widget\" data-widget_type=\"spacer.default\">\n\t\t\t\t\t\t\t<div class=\"elementor-spacer\">\n\t\t\t<div class=\"elementor-spacer-inner\"><\/div>\n\t\t<\/div>\n\t\t\t\t\t\t<\/div>\n\t\t\t\t\t<\/div>\n\t\t\t\t<\/div>\n\t\t<div data-particle_enable=\"false\" data-particle-mobile-disabled=\"false\" class=\"elementor-element elementor-element-93f09b4 e-flex e-con-boxed e-con e-parent\" data-id=\"93f09b4\" data-element_type=\"container\" data-e-type=\"container\">\n\t\t\t\t\t<div class=\"e-con-inner\">\n\t\t<div data-particle_enable=\"false\" data-particle-mobile-disabled=\"false\" class=\"elementor-element elementor-element-2f31d49 e-con-full e-flex e-con e-child\" data-id=\"2f31d49\" data-element_type=\"container\" data-e-type=\"container\" data-settings=\"{&quot;background_background&quot;:&quot;classic&quot;}\">\n\t\t\t\t<div class=\"elementor-element elementor-element-5c05ae3 elementor-widget elementor-widget-heading\" data-id=\"5c05ae3\" data-element_type=\"widget\" data-e-type=\"widget\" data-widget_type=\"heading.default\">\n\t\t\t\t\t<h2 class=\"elementor-heading-title elementor-size-default\">A modern, high-end residential project<\/h2>\t\t\t\t<\/div>\n\t\t\t\t<\/div>\n\t\t<div data-particle_enable=\"false\" data-particle-mobile-disabled=\"false\" class=\"elementor-element elementor-element-094b3ec e-con-full e-flex e-con e-child\" data-id=\"094b3ec\" data-element_type=\"container\" data-e-type=\"container\">\n\t\t\t\t<div class=\"elementor-element elementor-element-115d402 elementor-widget elementor-widget-image\" data-id=\"115d402\" data-element_type=\"widget\" data-e-type=\"widget\" data-widget_type=\"image.default\">\n\t\t\t\t\t\t\t\t\t\t\t\t\t\t\t<img alt=\"\" fetchpriority=\"high\" decoding=\"async\" width=\"1410\" height=\"937\" src=\"https:\/\/solutionscbp.com\/wp-content\/uploads\/2026\/02\/Photo-Residentiel-2.webp\" class=\"attachment-full size-full wp-image-75\" srcset=\"https:\/\/solutionscbp.com\/wp-content\/uploads\/2026\/02\/Photo-Residentiel-2.webp 1410w, https:\/\/solutionscbp.com\/wp-content\/uploads\/2026\/02\/Photo-Residentiel-2-300x199.jpg 300w, https:\/\/solutionscbp.com\/wp-content\/uploads\/2026\/02\/Photo-Residentiel-2-1024x680.jpg 1024w, https:\/\/solutionscbp.com\/wp-content\/uploads\/2026\/02\/Photo-Residentiel-2-768x510.jpg 768w\" sizes=\"(max-width: 1410px) 100vw, 1410px\" \/>\t\t\t\t\t\t\t\t\t\t\t\t\t\t\t<\/div>\n\t\t\t\t<\/div>\n\t\t<div data-particle_enable=\"false\" data-particle-mobile-disabled=\"false\" class=\"elementor-element elementor-element-f5d6659 e-con-full e-flex e-con e-child\" data-id=\"f5d6659\" data-element_type=\"container\" data-e-type=\"container\" data-settings=\"{&quot;background_background&quot;:&quot;classic&quot;}\">\n\t\t\t\t<div class=\"elementor-element elementor-element-52b308f elementor-widget elementor-widget-heading\" data-id=\"52b308f\" data-element_type=\"widget\" data-e-type=\"widget\" data-widget_type=\"heading.default\">\n\t\t\t\t\t<h2 class=\"elementor-heading-title elementor-size-default\">A multi-unit residential project combining contemporary design,<br>\nquality of construction and optimization of living spaces.<\/h2>\t\t\t\t<\/div>\n\t\t\t\t<div class=\"elementor-element elementor-element-d8ec89d elementor-widget elementor-widget-heading\" data-id=\"d8ec89d\" data-element_type=\"widget\" data-e-type=\"widget\" data-widget_type=\"heading.default\">\n\t\t\t\t\t<h2 class=\"elementor-heading-title elementor-size-default\">Our role was to support the project from design to delivery, by<br> ensuring the coordination of stakeholders and compliance with standards<br>\nof the highest quality:<\/h2>\t\t\t\t<\/div>\n\t\t\t\t<div class=\"elementor-element elementor-element-4dd2df8 elementor-align-center elementor-icon-list--layout-traditional elementor-list-item-link-full_width elementor-widget elementor-widget-icon-list\" data-id=\"4dd2df8\" data-element_type=\"widget\" data-e-type=\"widget\" data-widget_type=\"icon-list.default\">\n\t\t\t\t\t\t\t<ul class=\"elementor-icon-list-items\">\n\t\t\t\t\t\t\t<li class=\"elementor-icon-list-item\">\n\t\t\t\t\t\t\t\t\t\t\t<span class=\"elementor-icon-list-icon\">\n\t\t\t\t\t\t\t<i class=\"spectre-fa-solid-check spectre-icon--style-filled\" aria-hidden=\"true\"><svg xmlns=\"http:\/\/www.w3.org\/2000\/svg\" viewbox=\"0 0 448 512\"><!--! Font Awesome Free 7.1.0 by @fontawesome - https:\/\/fontawesome.com License - https:\/\/fontawesome.com\/license\/free (Icons: CC BY 4.0, Fonts: SIL OFL 1.1, Code: MIT License) Copyright 2025 Fonticons, Inc. --><path fill=\"currentColor\" d=\"M434.8 70.1c14.3 10.4 17.5 30.4 7.1 44.7l-256 352c-5.5 7.6-14 12.3-23.4 13.1s-18.5-2.7-25.1-9.3l-128-128c-12.5-12.5-12.5-32.8 0-45.3s32.8-12.5 45.3 0l101.5 101.5 234-321.7c10.4-14.3 30.4-17.5 44.7-7.1z\"\/><\/svg><\/i>\t\t\t\t\t\t<\/span>\n\t\t\t\t\t\t\t\t\t\t<span class=\"elementor-icon-list-text\">Comprehensive support for the developer, from planning to execution of the works.<\/span>\n\t\t\t\t\t\t\t\t\t<\/li>\n\t\t\t\t\t\t\t\t<li class=\"elementor-icon-list-item\">\n\t\t\t\t\t\t\t\t\t\t\t<span class=\"elementor-icon-list-icon\">\n\t\t\t\t\t\t\t<i class=\"spectre-fa-solid-check spectre-icon--style-filled\" aria-hidden=\"true\"><svg xmlns=\"http:\/\/www.w3.org\/2000\/svg\" viewbox=\"0 0 448 512\"><!--! Font Awesome Free 7.1.0 by @fontawesome - https:\/\/fontawesome.com License - https:\/\/fontawesome.com\/license\/free (Icons: CC BY 4.0, Fonts: SIL OFL 1.1, Code: MIT License) Copyright 2025 Fonticons, Inc. --><path fill=\"currentColor\" d=\"M434.8 70.1c14.3 10.4 17.5 30.4 7.1 44.7l-256 352c-5.5 7.6-14 12.3-23.4 13.1s-18.5-2.7-25.1-9.3l-128-128c-12.5-12.5-12.5-32.8 0-45.3s32.8-12.5 45.3 0l101.5 101.5 234-321.7c10.4-14.3 30.4-17.5 44.7-7.1z\"\/><\/svg><\/i>\t\t\t\t\t\t<\/span>\n\t\t\t\t\t\t\t\t\t\t<span class=\"elementor-icon-list-text\">Coordination of site teams and subcontractors to ensure<br> a smooth progression of the work.<\/span>\n\t\t\t\t\t\t\t\t\t<\/li>\n\t\t\t\t\t\t\t\t<li class=\"elementor-icon-list-item\">\n\t\t\t\t\t\t\t\t\t\t\t<span class=\"elementor-icon-list-icon\">\n\t\t\t\t\t\t\t<i class=\"spectre-fa-solid-check spectre-icon--style-filled\" aria-hidden=\"true\"><svg xmlns=\"http:\/\/www.w3.org\/2000\/svg\" viewbox=\"0 0 448 512\"><!--! Font Awesome Free 7.1.0 by @fontawesome - https:\/\/fontawesome.com License - https:\/\/fontawesome.com\/license\/free (Icons: CC BY 4.0, Fonts: SIL OFL 1.1, Code: MIT License) Copyright 2025 Fonticons, Inc. --><path fill=\"currentColor\" d=\"M434.8 70.1c14.3 10.4 17.5 30.4 7.1 44.7l-256 352c-5.5 7.6-14 12.3-23.4 13.1s-18.5-2.7-25.1-9.3l-128-128c-12.5-12.5-12.5-32.8 0-45.3s32.8-12.5 45.3 0l101.5 101.5 234-321.7c10.4-14.3 30.4-17.5 44.7-7.1z\"\/><\/svg><\/i>\t\t\t\t\t\t<\/span>\n\t\t\t\t\t\t\t\t\t\t<span class=\"elementor-icon-list-text\">Cost and material optimization without compromising on durability and aesthetics.<\/span>\n\t\t\t\t\t\t\t\t\t<\/li>\n\t\t\t\t\t\t<\/ul>\n\t\t\t\t\t\t<\/div>\n\t\t\t\t<\/div>\n\t\t\t\t\t<\/div>\n\t\t\t\t<\/div>\n\t\t<div data-particle_enable=\"false\" data-particle-mobile-disabled=\"false\" class=\"elementor-element elementor-element-2f7c66e e-flex e-con-boxed e-con e-parent\" data-id=\"2f7c66e\" data-element_type=\"container\" data-e-type=\"container\">\n\t\t\t\t\t<div class=\"e-con-inner\">\n\t\t\t\t<div class=\"elementor-element elementor-element-19070dc elementor-widget elementor-widget-spacer\" data-id=\"19070dc\" data-element_type=\"widget\" data-e-type=\"widget\" data-widget_type=\"spacer.default\">\n\t\t\t\t\t\t\t<div class=\"elementor-spacer\">\n\t\t\t<div class=\"elementor-spacer-inner\"><\/div>\n\t\t<\/div>\n\t\t\t\t\t\t<\/div>\n\t\t\t\t\t<\/div>\n\t\t\t\t<\/div>\n\t\t<div data-particle_enable=\"false\" data-particle-mobile-disabled=\"false\" class=\"elementor-element elementor-element-4218e57 e-flex e-con-boxed e-con e-parent\" data-id=\"4218e57\" data-element_type=\"container\" data-e-type=\"container\">\n\t\t\t\t\t<div class=\"e-con-inner\">\n\t\t<div data-particle_enable=\"false\" data-particle-mobile-disabled=\"false\" class=\"elementor-element elementor-element-a20b71d e-con-full e-flex e-con e-child\" data-id=\"a20b71d\" data-element_type=\"container\" data-e-type=\"container\" data-settings=\"{&quot;background_background&quot;:&quot;classic&quot;}\">\n\t\t\t\t<div class=\"elementor-element elementor-element-1bfc937 elementor-widget elementor-widget-heading\" data-id=\"1bfc937\" data-element_type=\"widget\" data-e-type=\"widget\" data-widget_type=\"heading.default\">\n\t\t\t\t\t<h2 class=\"elementor-heading-title elementor-size-default\">A functional and harmonious residential extension<\/h2>\t\t\t\t<\/div>\n\t\t\t\t<\/div>\n\t\t<div data-particle_enable=\"false\" data-particle-mobile-disabled=\"false\" class=\"elementor-element elementor-element-9d642c2 e-con-full e-flex e-con e-child\" data-id=\"9d642c2\" data-element_type=\"container\" data-e-type=\"container\">\n\t\t\t\t<div class=\"elementor-element elementor-element-5f8df1b elementor-widget elementor-widget-image\" data-id=\"5f8df1b\" data-element_type=\"widget\" data-e-type=\"widget\" data-widget_type=\"image.default\">\n\t\t\t\t\t\t\t\t\t\t\t\t\t\t\t<img alt=\"\" decoding=\"async\" width=\"2560\" height=\"1708\" src=\"https:\/\/solutionscbp.com\/wp-content\/uploads\/2026\/02\/Photo-Residentiel-3-scaled.webp\" class=\"attachment-full size-full wp-image-74\" srcset=\"https:\/\/solutionscbp.com\/wp-content\/uploads\/2026\/02\/Photo-Residentiel-3-scaled.webp 2560w, https:\/\/solutionscbp.com\/wp-content\/uploads\/2026\/02\/Photo-Residentiel-3-300x200.jpg 300w, https:\/\/solutionscbp.com\/wp-content\/uploads\/2026\/02\/Photo-Residentiel-3-1024x683.jpg 1024w, https:\/\/solutionscbp.com\/wp-content\/uploads\/2026\/02\/Photo-Residentiel-3-768x513.jpg 768w, https:\/\/solutionscbp.com\/wp-content\/uploads\/2026\/02\/Photo-Residentiel-3-1536x1025.jpg 1536w, https:\/\/solutionscbp.com\/wp-content\/uploads\/2026\/02\/Photo-Residentiel-3-2048x1367.jpg 2048w\" sizes=\"(max-width: 2560px) 100vw, 2560px\" \/>\t\t\t\t\t\t\t\t\t\t\t\t\t\t\t<\/div>\n\t\t\t\t<\/div>\n\t\t<div data-particle_enable=\"false\" data-particle-mobile-disabled=\"false\" class=\"elementor-element elementor-element-21682eb e-con-full e-flex e-con e-child\" data-id=\"21682eb\" data-element_type=\"container\" data-e-type=\"container\" data-settings=\"{&quot;background_background&quot;:&quot;classic&quot;}\">\n\t\t\t\t<div class=\"elementor-element elementor-element-eafea23 elementor-widget elementor-widget-heading\" data-id=\"eafea23\" data-element_type=\"widget\" data-e-type=\"widget\" data-widget_type=\"heading.default\">\n\t\t\t\t\t<h2 class=\"elementor-heading-title elementor-size-default\">Residential extension project consisting of the addition of an attached garage to<br> an existing house in order to blend in perfectly with the original architecture.<\/h2>\t\t\t\t<\/div>\n\t\t\t\t<div class=\"elementor-element elementor-element-b45e481 elementor-widget elementor-widget-heading\" data-id=\"b45e481\" data-element_type=\"widget\" data-e-type=\"widget\" data-widget_type=\"heading.default\">\n\t\t\t\t\t<h2 class=\"elementor-heading-title elementor-size-default\">Our role was to support the owners from the design phase to the...<br>\nimplementation, ensuring aesthetic consistency and regulatory compliance<br>\nand the quality of execution:<\/h2>\t\t\t\t<\/div>\n\t\t\t\t<div class=\"elementor-element elementor-element-7881a1e elementor-align-center elementor-icon-list--layout-traditional elementor-list-item-link-full_width elementor-widget elementor-widget-icon-list\" data-id=\"7881a1e\" data-element_type=\"widget\" data-e-type=\"widget\" data-widget_type=\"icon-list.default\">\n\t\t\t\t\t\t\t<ul class=\"elementor-icon-list-items\">\n\t\t\t\t\t\t\t<li class=\"elementor-icon-list-item\">\n\t\t\t\t\t\t\t\t\t\t\t<span class=\"elementor-icon-list-icon\">\n\t\t\t\t\t\t\t<i class=\"spectre-fa-solid-check spectre-icon--style-filled\" aria-hidden=\"true\"><svg xmlns=\"http:\/\/www.w3.org\/2000\/svg\" viewbox=\"0 0 448 512\"><!--! Font Awesome Free 7.1.0 by @fontawesome - https:\/\/fontawesome.com License - https:\/\/fontawesome.com\/license\/free (Icons: CC BY 4.0, Fonts: SIL OFL 1.1, Code: MIT License) Copyright 2025 Fonticons, Inc. --><path fill=\"currentColor\" d=\"M434.8 70.1c14.3 10.4 17.5 30.4 7.1 44.7l-256 352c-5.5 7.6-14 12.3-23.4 13.1s-18.5-2.7-25.1-9.3l-128-128c-12.5-12.5-12.5-32.8 0-45.3s32.8-12.5 45.3 0l101.5 101.5 234-321.7c10.4-14.3 30.4-17.5 44.7-7.1z\"\/><\/svg><\/i>\t\t\t\t\t\t<\/span>\n\t\t\t\t\t\t\t\t\t\t<span class=\"elementor-icon-list-text\">Analysis of the existing structure and validation of the technical feasibility of the expansion.<\/span>\n\t\t\t\t\t\t\t\t\t<\/li>\n\t\t\t\t\t\t\t\t<li class=\"elementor-icon-list-item\">\n\t\t\t\t\t\t\t\t\t\t\t<span class=\"elementor-icon-list-icon\">\n\t\t\t\t\t\t\t<i class=\"spectre-fa-solid-check spectre-icon--style-filled\" aria-hidden=\"true\"><svg xmlns=\"http:\/\/www.w3.org\/2000\/svg\" viewbox=\"0 0 448 512\"><!--! Font Awesome Free 7.1.0 by @fontawesome - https:\/\/fontawesome.com License - https:\/\/fontawesome.com\/license\/free (Icons: CC BY 4.0, Fonts: SIL OFL 1.1, Code: MIT License) Copyright 2025 Fonticons, Inc. --><path fill=\"currentColor\" d=\"M434.8 70.1c14.3 10.4 17.5 30.4 7.1 44.7l-256 352c-5.5 7.6-14 12.3-23.4 13.1s-18.5-2.7-25.1-9.3l-128-128c-12.5-12.5-12.5-32.8 0-45.3s32.8-12.5 45.3 0l101.5 101.5 234-321.7c10.4-14.3 30.4-17.5 44.7-7.1z\"\/><\/svg><\/i>\t\t\t\t\t\t<\/span>\n\t\t\t\t\t\t\t\t\t\t<span class=\"elementor-icon-list-text\">Permit management and compliance with the Quebec Building Code.<\/span>\n\t\t\t\t\t\t\t\t\t<\/li>\n\t\t\t\t\t\t<\/ul>\n\t\t\t\t\t\t<\/div>\n\t\t\t\t<\/div>\n\t\t\t\t\t<\/div>\n\t\t\t\t<\/div>\n\t\t<div data-particle_enable=\"false\" data-particle-mobile-disabled=\"false\" class=\"elementor-element elementor-element-a96af28 e-flex e-con-boxed e-con e-parent\" data-id=\"a96af28\" data-element_type=\"container\" data-e-type=\"container\">\n\t\t\t\t\t<div class=\"e-con-inner\">\n\t\t\t\t<div class=\"elementor-element elementor-element-38b0a94 elementor-widget elementor-widget-spacer\" data-id=\"38b0a94\" data-element_type=\"widget\" data-e-type=\"widget\" data-widget_type=\"spacer.default\">\n\t\t\t\t\t\t\t<div class=\"elementor-spacer\">\n\t\t\t<div class=\"elementor-spacer-inner\"><\/div>\n\t\t<\/div>\n\t\t\t\t\t\t<\/div>\n\t\t\t\t\t<\/div>\n\t\t\t\t<\/div>\n\t\t<div data-particle_enable=\"false\" data-particle-mobile-disabled=\"false\" class=\"elementor-element elementor-element-4e5db15 e-flex e-con-boxed e-con e-parent\" data-id=\"4e5db15\" data-element_type=\"container\" data-e-type=\"container\">\n\t\t\t\t\t<div class=\"e-con-inner\">\n\t\t<div data-particle_enable=\"false\" data-particle-mobile-disabled=\"false\" class=\"elementor-element elementor-element-4f988cf e-con-full e-flex e-con e-child\" data-id=\"4f988cf\" data-element_type=\"container\" data-e-type=\"container\" data-settings=\"{&quot;background_background&quot;:&quot;classic&quot;}\">\n\t\t\t\t<div class=\"elementor-element elementor-element-44bfd68 elementor-widget elementor-widget-heading\" data-id=\"44bfd68\" data-element_type=\"widget\" data-e-type=\"widget\" data-widget_type=\"heading.default\">\n\t\t\t\t\t<h2 class=\"elementor-heading-title elementor-size-default\">A modern and functional interior renovation<\/h2>\t\t\t\t<\/div>\n\t\t\t\t<\/div>\n\t\t<div data-particle_enable=\"false\" data-particle-mobile-disabled=\"false\" class=\"elementor-element elementor-element-8b4ff0e e-con-full e-flex e-con e-child\" data-id=\"8b4ff0e\" data-element_type=\"container\" data-e-type=\"container\">\n\t\t\t\t<div class=\"elementor-element elementor-element-0929547 elementor-widget elementor-widget-image\" data-id=\"0929547\" data-element_type=\"widget\" data-e-type=\"widget\" data-widget_type=\"image.default\">\n\t\t\t\t\t\t\t\t\t\t\t\t\t\t\t<img alt=\"\" decoding=\"async\" width=\"1776\" height=\"1183\" src=\"https:\/\/solutionscbp.com\/wp-content\/uploads\/2026\/02\/cooking-area-in-modern-apartment-2026-01-07-23-26-43-utc.webp\" class=\"attachment-full size-full wp-image-196\" srcset=\"https:\/\/solutionscbp.com\/wp-content\/uploads\/2026\/02\/cooking-area-in-modern-apartment-2026-01-07-23-26-43-utc.webp 1776w, https:\/\/solutionscbp.com\/wp-content\/uploads\/2026\/02\/cooking-area-in-modern-apartment-2026-01-07-23-26-43-utc-300x200.png 300w, https:\/\/solutionscbp.com\/wp-content\/uploads\/2026\/02\/cooking-area-in-modern-apartment-2026-01-07-23-26-43-utc-1024x682.png 1024w, https:\/\/solutionscbp.com\/wp-content\/uploads\/2026\/02\/cooking-area-in-modern-apartment-2026-01-07-23-26-43-utc-768x512.png 768w, https:\/\/solutionscbp.com\/wp-content\/uploads\/2026\/02\/cooking-area-in-modern-apartment-2026-01-07-23-26-43-utc-1536x1023.png 1536w\" sizes=\"(max-width: 1776px) 100vw, 1776px\" \/>\t\t\t\t\t\t\t\t\t\t\t\t\t\t\t<\/div>\n\t\t\t\t<\/div>\n\t\t<div data-particle_enable=\"false\" data-particle-mobile-disabled=\"false\" class=\"elementor-element elementor-element-84a4400 e-con-full e-flex e-con e-child\" data-id=\"84a4400\" data-element_type=\"container\" data-e-type=\"container\" data-settings=\"{&quot;background_background&quot;:&quot;classic&quot;}\">\n\t\t\t\t<div class=\"elementor-element elementor-element-d22ee73 elementor-widget elementor-widget-heading\" data-id=\"d22ee73\" data-element_type=\"widget\" data-e-type=\"widget\" data-widget_type=\"heading.default\">\n\t\t\t\t\t<h2 class=\"elementor-heading-title elementor-size-default\">Residential renovation project aimed at modernizing a kitchen, combining<br> Clean design, optimized spaces and improved functionality.<\/h2>\t\t\t\t<\/div>\n\t\t\t\t<div class=\"elementor-element elementor-element-5fbd4de elementor-widget elementor-widget-heading\" data-id=\"5fbd4de\" data-element_type=\"widget\" data-e-type=\"widget\" data-widget_type=\"heading.default\">\n\t\t\t\t\t<h2 class=\"elementor-heading-title elementor-size-default\">Our role was to support the owners in ensuring quality<br>\nexecution and adherence to the highest standards:<\/h2>\t\t\t\t<\/div>\n\t\t\t\t<div class=\"elementor-element elementor-element-3d32332 elementor-align-center elementor-icon-list--layout-traditional elementor-list-item-link-full_width elementor-widget elementor-widget-icon-list\" data-id=\"3d32332\" data-element_type=\"widget\" data-e-type=\"widget\" data-widget_type=\"icon-list.default\">\n\t\t\t\t\t\t\t<ul class=\"elementor-icon-list-items\">\n\t\t\t\t\t\t\t<li class=\"elementor-icon-list-item\">\n\t\t\t\t\t\t\t\t\t\t\t<span class=\"elementor-icon-list-icon\">\n\t\t\t\t\t\t\t<i class=\"spectre-fa-solid-check spectre-icon--style-filled\" aria-hidden=\"true\"><svg xmlns=\"http:\/\/www.w3.org\/2000\/svg\" viewbox=\"0 0 448 512\"><!--! Font Awesome Free 7.1.0 by @fontawesome - https:\/\/fontawesome.com License - https:\/\/fontawesome.com\/license\/free (Icons: CC BY 4.0, Fonts: SIL OFL 1.1, Code: MIT License) Copyright 2025 Fonticons, Inc. --><path fill=\"currentColor\" d=\"M434.8 70.1c14.3 10.4 17.5 30.4 7.1 44.7l-256 352c-5.5 7.6-14 12.3-23.4 13.1s-18.5-2.7-25.1-9.3l-128-128c-12.5-12.5-12.5-32.8 0-45.3s32.8-12.5 45.3 0l101.5 101.5 234-321.7c10.4-14.3 30.4-17.5 44.7-7.1z\"\/><\/svg><\/i>\t\t\t\t\t\t<\/span>\n\t\t\t\t\t\t\t\t\t\t<span class=\"elementor-icon-list-text\">Analysis of occupants' needs and development of a customized concept.<\/span>\n\t\t\t\t\t\t\t\t\t<\/li>\n\t\t\t\t\t\t\t\t<li class=\"elementor-icon-list-item\">\n\t\t\t\t\t\t\t\t\t\t\t<span class=\"elementor-icon-list-icon\">\n\t\t\t\t\t\t\t<i class=\"spectre-fa-solid-check spectre-icon--style-filled\" aria-hidden=\"true\"><svg xmlns=\"http:\/\/www.w3.org\/2000\/svg\" viewbox=\"0 0 448 512\"><!--! Font Awesome Free 7.1.0 by @fontawesome - https:\/\/fontawesome.com License - https:\/\/fontawesome.com\/license\/free (Icons: CC BY 4.0, Fonts: SIL OFL 1.1, Code: MIT License) Copyright 2025 Fonticons, Inc. --><path fill=\"currentColor\" d=\"M434.8 70.1c14.3 10.4 17.5 30.4 7.1 44.7l-256 352c-5.5 7.6-14 12.3-23.4 13.1s-18.5-2.7-25.1-9.3l-128-128c-12.5-12.5-12.5-32.8 0-45.3s32.8-12.5 45.3 0l101.5 101.5 234-321.7c10.4-14.3 30.4-17.5 44.7-7.1z\"\/><\/svg><\/i>\t\t\t\t\t\t<\/span>\n\t\t\t\t\t\t\t\t\t\t<span class=\"elementor-icon-list-text\">Optimize storage spaces and work areas.<\/span>\n\t\t\t\t\t\t\t\t\t<\/li>\n\t\t\t\t\t\t\t\t<li class=\"elementor-icon-list-item\">\n\t\t\t\t\t\t\t\t\t\t\t<span class=\"elementor-icon-list-icon\">\n\t\t\t\t\t\t\t<i class=\"spectre-fa-solid-check spectre-icon--style-filled\" aria-hidden=\"true\"><svg xmlns=\"http:\/\/www.w3.org\/2000\/svg\" viewbox=\"0 0 448 512\"><!--! Font Awesome Free 7.1.0 by @fontawesome - https:\/\/fontawesome.com License - https:\/\/fontawesome.com\/license\/free (Icons: CC BY 4.0, Fonts: SIL OFL 1.1, Code: MIT License) Copyright 2025 Fonticons, Inc. --><path fill=\"currentColor\" d=\"M434.8 70.1c14.3 10.4 17.5 30.4 7.1 44.7l-256 352c-5.5 7.6-14 12.3-23.4 13.1s-18.5-2.7-25.1-9.3l-128-128c-12.5-12.5-12.5-32.8 0-45.3s32.8-12.5 45.3 0l101.5 101.5 234-321.7c10.4-14.3 30.4-17.5 44.7-7.1z\"\/><\/svg><\/i>\t\t\t\t\t\t<\/span>\n\t\t\t\t\t\t\t\t\t\t<span class=\"elementor-icon-list-text\">Coordination of carpentry, plumbing, electrical and finishing work.<\/span>\n\t\t\t\t\t\t\t\t\t<\/li>\n\t\t\t\t\t\t<\/ul>\n\t\t\t\t\t\t<\/div>\n\t\t\t\t<\/div>\n\t\t\t\t\t<\/div>\n\t\t\t\t<\/div>\n\t\t<div data-particle_enable=\"false\" data-particle-mobile-disabled=\"false\" class=\"elementor-element elementor-element-edd58e3 e-flex e-con-boxed e-con e-parent\" data-id=\"edd58e3\" data-element_type=\"container\" data-e-type=\"container\">\n\t\t\t\t\t<div class=\"e-con-inner\">\n\t\t\t\t<div class=\"elementor-element elementor-element-273bb60 elementor-widget elementor-widget-spacer\" data-id=\"273bb60\" data-element_type=\"widget\" data-e-type=\"widget\" data-widget_type=\"spacer.default\">\n\t\t\t\t\t\t\t<div class=\"elementor-spacer\">\n\t\t\t<div class=\"elementor-spacer-inner\"><\/div>\n\t\t<\/div>\n\t\t\t\t\t\t<\/div>\n\t\t\t\t<div class=\"elementor-element elementor-element-88b5284 elementor-align-center elementor-widget elementor-widget-button\" data-id=\"88b5284\" data-element_type=\"widget\" data-e-type=\"widget\" data-widget_type=\"button.default\">\n\t\t\t\t\t\t\t\t\t\t<a class=\"elementor-button elementor-button-link elementor-size-sm elementor-animation-grow\" href=\"\/en\/contact\/\">\n\t\t\t\t\t\t<span class=\"elementor-button-content-wrapper\">\n\t\t\t\t\t\t\t\t\t<span class=\"elementor-button-text\">Get your free quote<\/span>\n\t\t\t\t\t<\/span>\n\t\t\t\t\t<\/a>\n\t\t\t\t\t\t\t\t<\/div>\n\t\t\t\t<div class=\"elementor-element elementor-element-12a28da elementor-widget elementor-widget-spacer\" data-id=\"12a28da\" data-element_type=\"widget\" data-e-type=\"widget\" data-widget_type=\"spacer.default\">\n\t\t\t\t\t\t\t<div class=\"elementor-spacer\">\n\t\t\t<div class=\"elementor-spacer-inner\"><\/div>\n\t\t<\/div>\n\t\t\t\t\t\t<\/div>\n\t\t\t\t\t<\/div>\n\t\t\t\t<\/div>\n\t\t\t\t<\/div>","protected":false},"excerpt":{"rendered":"<p>Notre expertise r\u00e9sidentielle Des projets r\u00e9sidentiels durables et bien ex\u00e9cut\u00e9s. Qualit\u00e9, rigueur et tranquillit\u00e9 d\u2019esprit. Un projet r\u00e9sidentiel moderne et haut de gamme Projet r\u00e9sidentiel de type multi-logements, alliant design contemporain, qualit\u00e9 de construction et optimisation des espaces de vie. Notre r\u00f4le a consist\u00e9 \u00e0 accompagner le projet de la conception \u00e0 la livraison, en [&hellip;]<\/p>\n","protected":false},"author":1,"featured_media":0,"parent":0,"menu_order":0,"comment_status":"closed","ping_status":"closed","template":"","meta":{"_seopress_robots_primary_cat":"","_seopress_titles_title":"","_seopress_titles_desc":"","_seopress_robots_index":"","footnotes":""},"class_list":["post-160","page","type-page","status-publish","hentry"],"_links":{"self":[{"href":"https:\/\/solutionscbp.com\/en\/wp-json\/wp\/v2\/pages\/160","targetHints":{"allow":["GET"]}}],"collection":[{"href":"https:\/\/solutionscbp.com\/en\/wp-json\/wp\/v2\/pages"}],"about":[{"href":"https:\/\/solutionscbp.com\/en\/wp-json\/wp\/v2\/types\/page"}],"author":[{"embeddable":true,"href":"https:\/\/solutionscbp.com\/en\/wp-json\/wp\/v2\/users\/1"}],"replies":[{"embeddable":true,"href":"https:\/\/solutionscbp.com\/en\/wp-json\/wp\/v2\/comments?post=160"}],"version-history":[{"count":31,"href":"https:\/\/solutionscbp.com\/en\/wp-json\/wp\/v2\/pages\/160\/revisions"}],"predecessor-version":[{"id":269,"href":"https:\/\/solutionscbp.com\/en\/wp-json\/wp\/v2\/pages\/160\/revisions\/269"}],"wp:attachment":[{"href":"https:\/\/solutionscbp.com\/en\/wp-json\/wp\/v2\/media?parent=160"}],"curies":[{"name":"wp","href":"https:\/\/api.w.org\/{rel}","templated":true}]}}